{"id":6,"date":"2020-10-17T15:54:15","date_gmt":"2020-10-17T13:54:15","guid":{"rendered":"http:\/\/christiane-krueger.de\/en\/?page_id=6"},"modified":"2021-01-01T21:14:27","modified_gmt":"2021-01-01T20:14:27","slug":"home","status":"publish","type":"page","link":"http:\/\/christiane-krueger.de\/en\/","title":{"rendered":"Welcome"},"content":{"rendered":"\n<p>Diese Seite befindet sich im Aufbau<br><\/p>\n\n\n\n<p>Konferenzdolmetschen (M.A.) und \u00dcbersetzen (B.A.)<br><br>Deutsch &#8211; Franz\u00f6sisch &#8211; Englisch<br><\/p>\n\n\n\n<p>Mitglied im BD\u00dc e.V., VKD und SFT<br><\/p>\n\n\n\n<p>Mobil: +49 (0)176 20497500<br><br>E-Mail: info@christiane-krueger.de<br><\/p>\n","protected":false},"excerpt":{"rendered":"<p>Diese Seite befindet sich im Aufbau Konferenzdolmetschen (M.A.) und \u00dcbersetzen (B.A.) Deutsch &#8211; Franz\u00f6sisch &#8211; Englisch Mitglied im BD\u00dc e.V., VKD und SFT Mobil: +49 (0)176 20497500 E-Mail: info@christiane-krueger.de<\/p>\n","protected":false},"author":1,"featured_media":0,"parent":0,"menu_order":0,"comment_status":"closed","ping_status":"closed","template":"","meta":{"footnotes":""},"class_list":["post-6","page","type-page","status-publish","hentry"],"_links":{"self":[{"href":"http:\/\/christiane-krueger.de\/en\/wp-json\/wp\/v2\/pages\/6","targetHints":{"allow":["GET"]}}],"collection":[{"href":"http:\/\/christiane-krueger.de\/en\/wp-json\/wp\/v2\/pages"}],"about":[{"href":"http:\/\/christiane-krueger.de\/en\/wp-json\/wp\/v2\/types\/page"}],"author":[{"embeddable":true,"href":"http:\/\/christiane-krueger.de\/en\/wp-json\/wp\/v2\/users\/1"}],"replies":[{"embeddable":true,"href":"http:\/\/christiane-krueger.de\/en\/wp-json\/wp\/v2\/comments?post=6"}],"version-history":[{"count":3,"href":"http:\/\/christiane-krueger.de\/en\/wp-json\/wp\/v2\/pages\/6\/revisions"}],"predecessor-version":[{"id":53,"href":"http:\/\/christiane-krueger.de\/en\/wp-json\/wp\/v2\/pages\/6\/revisions\/53"}],"wp:attachment":[{"href":"http:\/\/christiane-krueger.de\/en\/wp-json\/wp\/v2\/media?parent=6"}],"curies":[{"name":"wp","href":"https:\/\/api.w.org\/{rel}","templated":true}]}}